{"id":500,"date":"2015-04-13T20:01:40","date_gmt":"2015-04-14T01:01:40","guid":{"rendered":"https:\/\/renovar-ideias.com\/portfolio-de-obras\/"},"modified":"2018-06-21T08:41:11","modified_gmt":"2018-06-21T08:41:11","slug":"portfolio","status":"publish","type":"page","link":"https:\/\/renovar-ideias.com\/en\/portfolio\/","title":{"rendered":"Portfolio"},"content":{"rendered":"","protected":false},"excerpt":{"rendered":"","protected":false},"author":1,"featured_media":0,"parent":0,"menu_order":0,"comment_status":"closed","ping_status":"closed","template":"template-layout-portfolio.php","meta":{"footnotes":""},"yoast_head":"<!-- This site is optimized with the Yoast SEO plugin v23.4 - https:\/\/yoast.com\/wordpress\/plugins\/seo\/ -->\n<title>Portfolio - Renovar Ideias<\/title>\n<meta name=\"description\" content=\"Veja o nosso portf\u00f3lio de obras e conhe\u00e7a os nossos trabalhos de reabilita\u00e7\u00e3o, remodela\u00e7\u00e3o e manuten\u00e7\u00e3o de im\u00f3veis ao longo de 20 anos de atividade!\" \/>\n<meta name=\"robots\" content=\"index, follow, max-snippet:-1, max-image-preview:large, max-video-preview:-1\" \/>\n<link rel=\"canonical\" href=\"https:\/\/renovar-ideias.com\/en\/portfolio\/\" \/>\n<meta property=\"og:locale\" content=\"en_US\" \/>\n<meta property=\"og:type\" content=\"article\" \/>\n<meta property=\"og:title\" content=\"Portfolio - Renovar Ideias\" \/>\n<meta property=\"og:description\" content=\"Veja o nosso portf\u00f3lio de obras e conhe\u00e7a os nossos trabalhos de reabilita\u00e7\u00e3o, remodela\u00e7\u00e3o e manuten\u00e7\u00e3o de im\u00f3veis ao longo de 20 anos de atividade!\" \/>\n<meta property=\"og:url\" content=\"https:\/\/renovar-ideias.com\/en\/portfolio\/\" \/>\n<meta property=\"og:site_name\" content=\"Renovar Ideias\" \/>\n<meta property=\"article:modified_time\" content=\"2018-06-21T08:41:11+00:00\" \/>\n<meta name=\"twitter:card\" content=\"summary_large_image\" \/>\n<script type=\"application\/ld+json\" class=\"yoast-schema-graph\">{\"@context\":\"https:\/\/schema.org\",\"@graph\":[{\"@type\":\"WebPage\",\"@id\":\"https:\/\/renovar-ideias.com\/en\/portfolio\/\",\"url\":\"https:\/\/renovar-ideias.com\/en\/portfolio\/\",\"name\":\"Portfolio - Renovar Ideias\",\"isPartOf\":{\"@id\":\"https:\/\/renovar-ideias.com\/#website\"},\"datePublished\":\"2015-04-14T01:01:40+00:00\",\"dateModified\":\"2018-06-21T08:41:11+00:00\",\"description\":\"Veja o nosso portf\u00f3lio de obras e conhe\u00e7a os nossos trabalhos de reabilita\u00e7\u00e3o, remodela\u00e7\u00e3o e manuten\u00e7\u00e3o de im\u00f3veis ao longo de 20 anos de atividade!\",\"breadcrumb\":{\"@id\":\"https:\/\/renovar-ideias.com\/en\/portfolio\/#breadcrumb\"},\"inLanguage\":\"en-US\",\"potentialAction\":[{\"@type\":\"ReadAction\",\"target\":[\"https:\/\/renovar-ideias.com\/en\/portfolio\/\"]}]},{\"@type\":\"BreadcrumbList\",\"@id\":\"https:\/\/renovar-ideias.com\/en\/portfolio\/#breadcrumb\",\"itemListElement\":[{\"@type\":\"ListItem\",\"position\":1,\"name\":\"In\u00edcio\",\"item\":\"https:\/\/renovar-ideias.com\/en\/\"},{\"@type\":\"ListItem\",\"position\":2,\"name\":\"Portfolio\"}]},{\"@type\":\"WebSite\",\"@id\":\"https:\/\/renovar-ideias.com\/#website\",\"url\":\"https:\/\/renovar-ideias.com\/\",\"name\":\"Renovar Ideias\",\"description\":\"Mais um site WordPress\",\"potentialAction\":[{\"@type\":\"SearchAction\",\"target\":{\"@type\":\"EntryPoint\",\"urlTemplate\":\"https:\/\/renovar-ideias.com\/?s={search_term_string}\"},\"query-input\":{\"@type\":\"PropertyValueSpecification\",\"valueRequired\":true,\"valueName\":\"search_term_string\"}}],\"inLanguage\":\"en-US\"}]}<\/script>\n<!-- \/ Yoast SEO plugin. -->","yoast_head_json":{"title":"Portfolio - Renovar Ideias","description":"Veja o nosso portf\u00f3lio de obras e conhe\u00e7a os nossos trabalhos de reabilita\u00e7\u00e3o, remodela\u00e7\u00e3o e manuten\u00e7\u00e3o de im\u00f3veis ao longo de 20 anos de atividade!","robots":{"index":"index","follow":"follow","max-snippet":"max-snippet:-1","max-image-preview":"max-image-preview:large","max-video-preview":"max-video-preview:-1"},"canonical":"https:\/\/renovar-ideias.com\/en\/portfolio\/","og_locale":"en_US","og_type":"article","og_title":"Portfolio - Renovar Ideias","og_description":"Veja o nosso portf\u00f3lio de obras e conhe\u00e7a os nossos trabalhos de reabilita\u00e7\u00e3o, remodela\u00e7\u00e3o e manuten\u00e7\u00e3o de im\u00f3veis ao longo de 20 anos de atividade!","og_url":"https:\/\/renovar-ideias.com\/en\/portfolio\/","og_site_name":"Renovar Ideias","article_modified_time":"2018-06-21T08:41:11+00:00","twitter_card":"summary_large_image","schema":{"@context":"https:\/\/schema.org","@graph":[{"@type":"WebPage","@id":"https:\/\/renovar-ideias.com\/en\/portfolio\/","url":"https:\/\/renovar-ideias.com\/en\/portfolio\/","name":"Portfolio - Renovar Ideias","isPartOf":{"@id":"https:\/\/renovar-ideias.com\/#website"},"datePublished":"2015-04-14T01:01:40+00:00","dateModified":"2018-06-21T08:41:11+00:00","description":"Veja o nosso portf\u00f3lio de obras e conhe\u00e7a os nossos trabalhos de reabilita\u00e7\u00e3o, remodela\u00e7\u00e3o e manuten\u00e7\u00e3o de im\u00f3veis ao longo de 20 anos de atividade!","breadcrumb":{"@id":"https:\/\/renovar-ideias.com\/en\/portfolio\/#breadcrumb"},"inLanguage":"en-US","potentialAction":[{"@type":"ReadAction","target":["https:\/\/renovar-ideias.com\/en\/portfolio\/"]}]},{"@type":"BreadcrumbList","@id":"https:\/\/renovar-ideias.com\/en\/portfolio\/#breadcrumb","itemListElement":[{"@type":"ListItem","position":1,"name":"In\u00edcio","item":"https:\/\/renovar-ideias.com\/en\/"},{"@type":"ListItem","position":2,"name":"Portfolio"}]},{"@type":"WebSite","@id":"https:\/\/renovar-ideias.com\/#website","url":"https:\/\/renovar-ideias.com\/","name":"Renovar Ideias","description":"Mais um site WordPress","potentialAction":[{"@type":"SearchAction","target":{"@type":"EntryPoint","urlTemplate":"https:\/\/renovar-ideias.com\/?s={search_term_string}"},"query-input":{"@type":"PropertyValueSpecification","valueRequired":true,"valueName":"search_term_string"}}],"inLanguage":"en-US"}]}},"_links":{"self":[{"href":"https:\/\/renovar-ideias.com\/en\/wp-json\/wp\/v2\/pages\/500"}],"collection":[{"href":"https:\/\/renovar-ideias.com\/en\/wp-json\/wp\/v2\/pages"}],"about":[{"href":"https:\/\/renovar-ideias.com\/en\/wp-json\/wp\/v2\/types\/page"}],"author":[{"embeddable":true,"href":"https:\/\/renovar-ideias.com\/en\/wp-json\/wp\/v2\/users\/1"}],"replies":[{"embeddable":true,"href":"https:\/\/renovar-ideias.com\/en\/wp-json\/wp\/v2\/comments?post=500"}],"version-history":[{"count":0,"href":"https:\/\/renovar-ideias.com\/en\/wp-json\/wp\/v2\/pages\/500\/revisions"}],"wp:attachment":[{"href":"https:\/\/renovar-ideias.com\/en\/wp-json\/wp\/v2\/media?parent=500"}],"curies":[{"name":"wp","href":"https:\/\/api.w.org\/{rel}","templated":true}]}}