{"id":499,"date":"2017-11-28T17:21:08","date_gmt":"2017-11-28T17:21:08","guid":{"rendered":"https:\/\/renovar-ideias.com\/orcamento\/"},"modified":"2018-07-17T08:59:16","modified_gmt":"2018-07-17T08:59:16","slug":"quote","status":"publish","type":"page","link":"https:\/\/renovar-ideias.com\/en\/quote\/","title":{"rendered":"Quote"},"content":{"rendered":"<div id=\"cs-content\" class=\"cs-content\"><\/div>\n","protected":false},"excerpt":{"rendered":"","protected":false},"author":1,"featured_media":0,"parent":0,"menu_order":0,"comment_status":"closed","ping_status":"closed","template":"template-blank-4.php","meta":{"footnotes":""},"yoast_head":"<!-- This site is optimized with the Yoast SEO plugin v23.4 - https:\/\/yoast.com\/wordpress\/plugins\/seo\/ -->\n<title>Quote - Renovar Ideias<\/title>\n<meta name=\"description\" content=\"Pe\u00e7a-nos j\u00e1 um or\u00e7amento para reabilita\u00e7\u00e3o, remodela\u00e7\u00e3o ou manuten\u00e7\u00e3o do seu im\u00f3vel. Apresentaremos a melhor solu\u00e7\u00e3o ajustada \u00e0s suas necessidades.\" \/>\n<meta name=\"robots\" content=\"index, follow, max-snippet:-1, max-image-preview:large, max-video-preview:-1\" \/>\n<link rel=\"canonical\" href=\"https:\/\/renovar-ideias.com\/en\/quote\/\" \/>\n<meta property=\"og:locale\" content=\"en_US\" \/>\n<meta property=\"og:type\" content=\"article\" \/>\n<meta property=\"og:title\" content=\"Quote - Renovar Ideias\" \/>\n<meta property=\"og:description\" content=\"Pe\u00e7a-nos j\u00e1 um or\u00e7amento para reabilita\u00e7\u00e3o, remodela\u00e7\u00e3o ou manuten\u00e7\u00e3o do seu im\u00f3vel. Apresentaremos a melhor solu\u00e7\u00e3o ajustada \u00e0s suas necessidades.\" \/>\n<meta property=\"og:url\" content=\"https:\/\/renovar-ideias.com\/en\/quote\/\" \/>\n<meta property=\"og:site_name\" content=\"Renovar Ideias\" \/>\n<meta property=\"article:modified_time\" content=\"2018-07-17T08:59:16+00:00\" \/>\n<meta name=\"twitter:card\" content=\"summary_large_image\" \/>\n<meta name=\"twitter:label1\" content=\"Est. reading time\" \/>\n\t<meta name=\"twitter:data1\" content=\"1 minute\" \/>\n<script type=\"application\/ld+json\" class=\"yoast-schema-graph\">{\"@context\":\"https:\/\/schema.org\",\"@graph\":[{\"@type\":\"WebPage\",\"@id\":\"https:\/\/renovar-ideias.com\/en\/quote\/\",\"url\":\"https:\/\/renovar-ideias.com\/en\/quote\/\",\"name\":\"Quote - Renovar Ideias\",\"isPartOf\":{\"@id\":\"https:\/\/renovar-ideias.com\/#website\"},\"datePublished\":\"2017-11-28T17:21:08+00:00\",\"dateModified\":\"2018-07-17T08:59:16+00:00\",\"description\":\"Pe\u00e7a-nos j\u00e1 um or\u00e7amento para reabilita\u00e7\u00e3o, remodela\u00e7\u00e3o ou manuten\u00e7\u00e3o do seu im\u00f3vel. Apresentaremos a melhor solu\u00e7\u00e3o ajustada \u00e0s suas necessidades.\",\"breadcrumb\":{\"@id\":\"https:\/\/renovar-ideias.com\/en\/quote\/#breadcrumb\"},\"inLanguage\":\"en-US\",\"potentialAction\":[{\"@type\":\"ReadAction\",\"target\":[\"https:\/\/renovar-ideias.com\/en\/quote\/\"]}]},{\"@type\":\"BreadcrumbList\",\"@id\":\"https:\/\/renovar-ideias.com\/en\/quote\/#breadcrumb\",\"itemListElement\":[{\"@type\":\"ListItem\",\"position\":1,\"name\":\"In\u00edcio\",\"item\":\"https:\/\/renovar-ideias.com\/en\/\"},{\"@type\":\"ListItem\",\"position\":2,\"name\":\"Quote\"}]},{\"@type\":\"WebSite\",\"@id\":\"https:\/\/renovar-ideias.com\/#website\",\"url\":\"https:\/\/renovar-ideias.com\/\",\"name\":\"Renovar Ideias\",\"description\":\"Mais um site WordPress\",\"potentialAction\":[{\"@type\":\"SearchAction\",\"target\":{\"@type\":\"EntryPoint\",\"urlTemplate\":\"https:\/\/renovar-ideias.com\/?s={search_term_string}\"},\"query-input\":{\"@type\":\"PropertyValueSpecification\",\"valueRequired\":true,\"valueName\":\"search_term_string\"}}],\"inLanguage\":\"en-US\"}]}<\/script>\n<!-- \/ Yoast SEO plugin. -->","yoast_head_json":{"title":"Quote - Renovar Ideias","description":"Pe\u00e7a-nos j\u00e1 um or\u00e7amento para reabilita\u00e7\u00e3o, remodela\u00e7\u00e3o ou manuten\u00e7\u00e3o do seu im\u00f3vel. Apresentaremos a melhor solu\u00e7\u00e3o ajustada \u00e0s suas necessidades.","robots":{"index":"index","follow":"follow","max-snippet":"max-snippet:-1","max-image-preview":"max-image-preview:large","max-video-preview":"max-video-preview:-1"},"canonical":"https:\/\/renovar-ideias.com\/en\/quote\/","og_locale":"en_US","og_type":"article","og_title":"Quote - Renovar Ideias","og_description":"Pe\u00e7a-nos j\u00e1 um or\u00e7amento para reabilita\u00e7\u00e3o, remodela\u00e7\u00e3o ou manuten\u00e7\u00e3o do seu im\u00f3vel. Apresentaremos a melhor solu\u00e7\u00e3o ajustada \u00e0s suas necessidades.","og_url":"https:\/\/renovar-ideias.com\/en\/quote\/","og_site_name":"Renovar Ideias","article_modified_time":"2018-07-17T08:59:16+00:00","twitter_card":"summary_large_image","twitter_misc":{"Est. reading time":"1 minute"},"schema":{"@context":"https:\/\/schema.org","@graph":[{"@type":"WebPage","@id":"https:\/\/renovar-ideias.com\/en\/quote\/","url":"https:\/\/renovar-ideias.com\/en\/quote\/","name":"Quote - Renovar Ideias","isPartOf":{"@id":"https:\/\/renovar-ideias.com\/#website"},"datePublished":"2017-11-28T17:21:08+00:00","dateModified":"2018-07-17T08:59:16+00:00","description":"Pe\u00e7a-nos j\u00e1 um or\u00e7amento para reabilita\u00e7\u00e3o, remodela\u00e7\u00e3o ou manuten\u00e7\u00e3o do seu im\u00f3vel. Apresentaremos a melhor solu\u00e7\u00e3o ajustada \u00e0s suas necessidades.","breadcrumb":{"@id":"https:\/\/renovar-ideias.com\/en\/quote\/#breadcrumb"},"inLanguage":"en-US","potentialAction":[{"@type":"ReadAction","target":["https:\/\/renovar-ideias.com\/en\/quote\/"]}]},{"@type":"BreadcrumbList","@id":"https:\/\/renovar-ideias.com\/en\/quote\/#breadcrumb","itemListElement":[{"@type":"ListItem","position":1,"name":"In\u00edcio","item":"https:\/\/renovar-ideias.com\/en\/"},{"@type":"ListItem","position":2,"name":"Quote"}]},{"@type":"WebSite","@id":"https:\/\/renovar-ideias.com\/#website","url":"https:\/\/renovar-ideias.com\/","name":"Renovar Ideias","description":"Mais um site WordPress","potentialAction":[{"@type":"SearchAction","target":{"@type":"EntryPoint","urlTemplate":"https:\/\/renovar-ideias.com\/?s={search_term_string}"},"query-input":{"@type":"PropertyValueSpecification","valueRequired":true,"valueName":"search_term_string"}}],"inLanguage":"en-US"}]}},"_links":{"self":[{"href":"https:\/\/renovar-ideias.com\/en\/wp-json\/wp\/v2\/pages\/499"}],"collection":[{"href":"https:\/\/renovar-ideias.com\/en\/wp-json\/wp\/v2\/pages"}],"about":[{"href":"https:\/\/renovar-ideias.com\/en\/wp-json\/wp\/v2\/types\/page"}],"author":[{"embeddable":true,"href":"https:\/\/renovar-ideias.com\/en\/wp-json\/wp\/v2\/users\/1"}],"replies":[{"embeddable":true,"href":"https:\/\/renovar-ideias.com\/en\/wp-json\/wp\/v2\/comments?post=499"}],"version-history":[{"count":0,"href":"https:\/\/renovar-ideias.com\/en\/wp-json\/wp\/v2\/pages\/499\/revisions"}],"wp:attachment":[{"href":"https:\/\/renovar-ideias.com\/en\/wp-json\/wp\/v2\/media?parent=499"}],"curies":[{"name":"wp","href":"https:\/\/api.w.org\/{rel}","templated":true}]}}